{"id":6,"date":"2019-08-08T10:58:48","date_gmt":"2019-08-08T10:58:48","guid":{"rendered":"https:\/\/agccorg.wordpress.com\/?page_id=2"},"modified":"2022-06-17T09:22:44","modified_gmt":"2022-06-17T09:22:44","slug":"home","status":"publish","type":"page","link":"https:\/\/a-gcc.org\/de\/","title":{"rendered":"Home"},"content":{"rendered":"<div class=\"wp-block-image\">\n<figure class=\"alignleft size-large\"><img loading=\"lazy\" decoding=\"async\" width=\"1024\" height=\"127\" src=\"https:\/\/a-gcc.org\/wp-content\/uploads\/2022\/05\/Logo-2-Wordmark-1024x127.png\" alt=\"\" class=\"wp-image-1995\" srcset=\"https:\/\/a-gcc.org\/wp-content\/uploads\/2022\/05\/Logo-2-Wordmark-1024x127.png 1024w, https:\/\/a-gcc.org\/wp-content\/uploads\/2022\/05\/Logo-2-Wordmark-300x37.png 300w, https:\/\/a-gcc.org\/wp-content\/uploads\/2022\/05\/Logo-2-Wordmark-768x96.png 768w, https:\/\/a-gcc.org\/wp-content\/uploads\/2022\/05\/Logo-2-Wordmark-1536x191.png 1536w, https:\/\/a-gcc.org\/wp-content\/uploads\/2022\/05\/Logo-2-Wordmark-2048x255.png 2048w, https:\/\/a-gcc.org\/wp-content\/uploads\/2022\/05\/Logo-2-Wordmark-18x2.png 18w\" sizes=\"auto, (max-width: 1024px) 100vw, 1024px\" \/><\/figure><\/div>\n\n\n<div style=\"height:100px\" aria-hidden=\"true\" class=\"wp-block-spacer\"><\/div>\n\n\n\n<div class=\"wp-block-cover alignfull is-light has-undefined-content\"><span aria-hidden=\"true\" class=\"wp-block-cover__background has-background-dim-20 has-background-dim\"><\/span><img loading=\"lazy\" decoding=\"async\" width=\"1280\" height=\"640\" class=\"wp-block-cover__image-background wp-image-36\" alt=\"\" src=\"http:\/\/a-gcc.org\/wp-content\/uploads\/2019\/08\/1280px-flag_of_the_united_kingdom_and_germany.svg_.png\" data-object-fit=\"cover\" srcset=\"https:\/\/a-gcc.org\/wp-content\/uploads\/2019\/08\/1280px-flag_of_the_united_kingdom_and_germany.svg_.png 1280w, https:\/\/a-gcc.org\/wp-content\/uploads\/2019\/08\/1280px-flag_of_the_united_kingdom_and_germany.svg_-300x150.png 300w, https:\/\/a-gcc.org\/wp-content\/uploads\/2019\/08\/1280px-flag_of_the_united_kingdom_and_germany.svg_-1024x512.png 1024w, https:\/\/a-gcc.org\/wp-content\/uploads\/2019\/08\/1280px-flag_of_the_united_kingdom_and_germany.svg_-768x384.png 768w, https:\/\/a-gcc.org\/wp-content\/uploads\/2019\/08\/1280px-flag_of_the_united_kingdom_and_germany.svg_-18x9.png 18w\" sizes=\"auto, (max-width: 1280px) 100vw, 1280px\" \/><div class=\"wp-block-cover__inner-container is-layout-flow wp-block-cover-is-layout-flow\">\n<p class=\"has-text-align-center has-nv-site-bg-color has-text-color has-x-large-font-size\">Wir sind zusammen besser.&nbsp;<\/p>\n<\/div><\/div>\n\n\n\n<div style=\"height:100px\" aria-hidden=\"true\" class=\"wp-block-spacer\"><\/div>\n\n\n\n<h2 class=\"alignwide wp-block-heading\">Wer Wir Sind<\/h2>\n\n\n\n<div class=\"wp-block-media-text alignwide is-stacked-on-mobile\" style=\"grid-template-columns:52% auto\"><figure class=\"wp-block-media-text__media\"><img decoding=\"async\" src=\"http:\/\/a-gcc.org\/wp-content\/uploads\/2019\/08\/7ca87f6b-d513-43de-a9ad-a8bb423ed4a7.jpg?w=1024\" alt=\"\" class=\"wp-image-42 size-full\"\/><\/figure><div class=\"wp-block-media-text__content\">\n<p class=\"has-medium-font-size\">Die deutsche Wirtschaft hat der Welt viel zu bieten, und die englischsprachige Welt hat im Gegenzug auch viel zu bieten. Aber es gibt Barrieren f\u00fcr einen freien und offenen Austausch - sprachliche H\u00fcrden, kulturelle Unterschiede und verwirrende Vorschriften. Die Anglo-German Chamber of Commerce versteht sich als Vermittler, der Menschen und Unternehmen dabei hilft, diese Hindernisse zu \u00fcberwinden.<\/p>\n<\/div><\/div>\n\n\n\n<div style=\"height:100px\" aria-hidden=\"true\" class=\"wp-block-spacer\"><\/div>\n\n\n\n<div class=\"wp-block-media-text alignwide has-media-on-the-right is-stacked-on-mobile\" style=\"grid-template-columns:auto 58%\"><figure class=\"wp-block-media-text__media\"><img loading=\"lazy\" decoding=\"async\" width=\"1254\" height=\"837\" src=\"http:\/\/a-gcc.org\/wp-content\/uploads\/2019\/08\/loi-khuyen-cho-phong-van-nhom-3.jpg?w=750\" alt=\"\" class=\"wp-image-40 size-full\" srcset=\"https:\/\/a-gcc.org\/wp-content\/uploads\/2019\/08\/loi-khuyen-cho-phong-van-nhom-3.jpg 1254w, https:\/\/a-gcc.org\/wp-content\/uploads\/2019\/08\/loi-khuyen-cho-phong-van-nhom-3-300x200.jpg 300w, https:\/\/a-gcc.org\/wp-content\/uploads\/2019\/08\/loi-khuyen-cho-phong-van-nhom-3-1024x683.jpg 1024w, https:\/\/a-gcc.org\/wp-content\/uploads\/2019\/08\/loi-khuyen-cho-phong-van-nhom-3-768x513.jpg 768w, https:\/\/a-gcc.org\/wp-content\/uploads\/2019\/08\/loi-khuyen-cho-phong-van-nhom-3-18x12.jpg 18w\" sizes=\"auto, (max-width: 1254px) 100vw, 1254px\" \/><\/figure><div class=\"wp-block-media-text__content\">\n<p class=\"has-medium-font-size\">Die Anglo-German Chamber of Commerce bietet eine Plattform, auf der die Welt mit denjenigen in Kontakt treten und von ihnen lernen kann, die einen Fu\u00df in beiden Welten haben - in Deutschland lebende englische Muttersprachler, Deutsche mit Auslandserfahrung und Fachleute, die f\u00fcr beide Seiten relevante Dienstleistungen anbieten.<\/p>\n<\/div><\/div>\n\n\n\n<div style=\"height:100px\" aria-hidden=\"true\" class=\"wp-block-spacer\"><\/div>\n\n\n\n<h2 class=\"alignwide wp-block-heading\">Was Wir Tun<\/h2>\n\n\n\n<div class=\"wp-block-media-text alignwide is-stacked-on-mobile\" style=\"grid-template-columns:60% auto\"><figure class=\"wp-block-media-text__media\"><img decoding=\"async\" src=\"http:\/\/a-gcc.org\/wp-content\/uploads\/2019\/08\/workplace-1245776_1920.jpg?w=740\" alt=\"\" class=\"wp-image-33 size-full\"\/><\/figure><div class=\"wp-block-media-text__content\">\n<p class=\"has-medium-font-size\">Wir stehen mit Rat und Tat zur Seite, bringen diejenigen, die \u00fcber Kompetenzen und Fachwissen verf\u00fcgen, mit denjenigen zusammen, die sie ben\u00f6tigen, und bieten eine Plattform f\u00fcr die Zusammenarbeit.<\/p>\n<\/div><\/div>\n\n\n\n<div style=\"height:100px\" aria-hidden=\"true\" class=\"wp-block-spacer\"><\/div>\n\n\n\n<div class=\"wp-block-media-text alignwide has-media-on-the-right is-stacked-on-mobile\" style=\"grid-template-columns:auto 60%\"><figure class=\"wp-block-media-text__media\"><img decoding=\"async\" src=\"http:\/\/a-gcc.org\/wp-content\/uploads\/2019\/09\/photodune-5828554-consulting-l.jpg?w=1024\" alt=\"\" class=\"wp-image-49 size-full\"\/><\/figure><div class=\"wp-block-media-text__content\">\n<p class=\"has-medium-font-size\">Profitieren Sie von unserem Netzwerk und Fachwissen!<\/p>\n<\/div><\/div>\n\n\n\n<div style=\"height:100px\" aria-hidden=\"true\" class=\"wp-block-spacer\"><\/div>\n\n\n\n<hr class=\"wp-block-separator has-css-opacity\"\/>\n\n\n\n<h2 class=\"alignwide wp-block-heading\">Kontakt Aufnehmen<\/h2>\n\n\n\n<div class=\"wp-block-columns is-layout-flex wp-container-core-columns-is-layout-9d6595d7 wp-block-columns-is-layout-flex\">\n<div class=\"wp-block-column is-layout-flow wp-block-column-is-layout-flow\" style=\"flex-basis:100%\">\n<div class=\"wp-block-group alignwide\"><div class=\"wp-block-group__inner-container is-layout-flow wp-block-group-is-layout-flow\"><div class=\"wpforms-container wpforms-container-full wpforms-block\" id=\"wpforms-2034\"><form id=\"wpforms-form-2034\" class=\"wpforms-validate wpforms-form wpforms-ajax-form\" data-formid=\"2034\" method=\"post\" enctype=\"multipart\/form-data\" action=\"\/de\/wp-json\/wp\/v2\/pages\/6\" data-token=\"6cc2355e776e6cd4b203def3a71345e3\" data-token-time=\"1777717102\" data-trp-original-action=\"\/de\/wp-json\/wp\/v2\/pages\/6\"><noscript class=\"wpforms-error-noscript\">Bitte aktiviere JavaScript in deinem Browser, um dieses Formular fertigzustellen.<\/noscript><div class=\"wpforms-field-container\"><div id=\"wpforms-2034-field_0-container\" class=\"wpforms-field wpforms-field-name\" data-field-id=\"0\"><label class=\"wpforms-field-label\">Name <span class=\"wpforms-required-label\">*<\/span><\/label><div class=\"wpforms-field-row wpforms-field-medium\"><div class=\"wpforms-field-row-block wpforms-first wpforms-one-half\"><input type=\"text\" id=\"wpforms-2034-field_0\" class=\"wpforms-field-name-first wpforms-field-required\" name=\"wpforms[fields][0][first]\" required><label for=\"wpforms-2034-field_0\" class=\"wpforms-field-sublabel after\">Vorname<\/label><\/div><div class=\"wpforms-field-row-block wpforms-one-half\"><input type=\"text\" id=\"wpforms-2034-field_0-last\" class=\"wpforms-field-name-last wpforms-field-required\" name=\"wpforms[fields][0][last]\" required><label for=\"wpforms-2034-field_0-last\" class=\"wpforms-field-sublabel after\">Nachname<\/label><\/div><\/div><\/div><div id=\"wpforms-2034-field_1-container\" class=\"wpforms-field wpforms-field-email\" data-field-id=\"1\"><label class=\"wpforms-field-label\" for=\"wpforms-2034-field_1\">Email <span class=\"wpforms-required-label\">*<\/span><\/label><input type=\"email\" id=\"wpforms-2034-field_1\" class=\"wpforms-field-medium wpforms-field-required\" name=\"wpforms[fields][1]\" spellcheck=\"false\" required><\/div><div id=\"wpforms-2034-field_2-container\" class=\"wpforms-field wpforms-field-textarea\" data-field-id=\"2\"><label class=\"wpforms-field-label\" for=\"wpforms-2034-field_2\">Kommentar oder Nachricht <span class=\"wpforms-required-label\">*<\/span><\/label><textarea id=\"wpforms-2034-field_2\" class=\"wpforms-field-medium wpforms-field-required\" name=\"wpforms[fields][2]\" required><\/textarea><\/div><\/div><!-- .wpforms-field-container --><div class=\"wpforms-submit-container\" ><input type=\"hidden\" name=\"wpforms[id]\" value=\"2034\"><input type=\"hidden\" name=\"page_title\" value=\"\"><input type=\"hidden\" name=\"page_url\" value=\"https:\/\/a-gcc.org\/de\/wp-json\/wp\/v2\/pages\/6\"><input type=\"hidden\" name=\"url_referer\" value=\"\"><button type=\"submit\" name=\"wpforms[submit]\" id=\"wpforms-submit-2034\" class=\"wpforms-submit\" data-alt-text=\"Sending...\" data-submit-text=\"Submit\" aria-live=\"assertive\" value=\"wpforms-submit\">Einreichen<\/button><img loading=\"lazy\" decoding=\"async\" src=\"https:\/\/a-gcc.org\/wp-content\/plugins\/wpforms-lite\/assets\/images\/submit-spin.svg\" class=\"wpforms-submit-spinner\" style=\"display: none;\" width=\"26\" height=\"26\" alt=\"Wird geladen\"><\/div><input type=\"hidden\" name=\"trp-form-language\" value=\"de\"\/><\/form><\/div>  <!-- .wpforms-container --><\/div><\/div>\n<\/div>\n<\/div>\n\n\n\n<hr class=\"wp-block-separator has-css-opacity\"\/>\n\n\n\n<p class=\"has-small-font-size\">Copyright Anglo-German Chamber of Commerce - Alle Rechte vorbehalten<\/p>\n\n\n<nav class=\"is-vertical wp-block-navigation is-layout-flex wp-container-core-navigation-is-layout-8cf370e7 wp-block-navigation-is-layout-flex\"><\/nav>\n\n\n<p><\/p>","protected":false},"excerpt":{"rendered":"<p>Who We Are The Germany economy has a lot to offer the world, and the English-speaking world has a lot to offer in return. But there are barriers to free and open exchange- linguistic hurdles, cultural differences, and confusing regulations. The Anglo-German Chamber of Commerce sees itself as a facilitator, helping people and companies to&hellip;&nbsp;<a href=\"https:\/\/a-gcc.org\/de\/\" rel=\"bookmark\">Weiterlesen &raquo;<span class=\"screen-reader-text\">Home<\/span><\/a><\/p>","protected":false},"author":2,"featured_media":0,"parent":0,"menu_order":1,"comment_status":"closed","ping_status":"closed","template":"page-templates\/template-pagebuilder-full-width.php","meta":{"om_disable_all_campaigns":false,"_monsterinsights_skip_tracking":false,"_monsterinsights_sitenote_active":false,"_monsterinsights_sitenote_note":"","_monsterinsights_sitenote_category":0,"neve_meta_sidebar":"","neve_meta_container":"","neve_meta_enable_content_width":"","neve_meta_content_width":0,"neve_meta_title_alignment":"","neve_meta_author_avatar":"","neve_post_elements_order":"","neve_meta_disable_header":"","neve_meta_disable_footer":"","neve_meta_disable_title":"","footnotes":""},"class_list":["post-6","page","type-page","status-publish","hentry"],"aioseo_notices":[],"_links":{"self":[{"href":"https:\/\/a-gcc.org\/de\/wp-json\/wp\/v2\/pages\/6","targetHints":{"allow":["GET"]}}],"collection":[{"href":"https:\/\/a-gcc.org\/de\/wp-json\/wp\/v2\/pages"}],"about":[{"href":"https:\/\/a-gcc.org\/de\/wp-json\/wp\/v2\/types\/page"}],"author":[{"embeddable":true,"href":"https:\/\/a-gcc.org\/de\/wp-json\/wp\/v2\/users\/2"}],"replies":[{"embeddable":true,"href":"https:\/\/a-gcc.org\/de\/wp-json\/wp\/v2\/comments?post=6"}],"version-history":[{"count":10,"href":"https:\/\/a-gcc.org\/de\/wp-json\/wp\/v2\/pages\/6\/revisions"}],"predecessor-version":[{"id":2036,"href":"https:\/\/a-gcc.org\/de\/wp-json\/wp\/v2\/pages\/6\/revisions\/2036"}],"wp:attachment":[{"href":"https:\/\/a-gcc.org\/de\/wp-json\/wp\/v2\/media?parent=6"}],"curies":[{"name":"wp","href":"https:\/\/api.w.org\/{rel}","templated":true}]}}